{"id":8124,"date":"2025-08-10T10:55:06","date_gmt":"2025-08-10T10:55:06","guid":{"rendered":"https:\/\/goznuru.com.tr\/?page_id=8124"},"modified":"2025-08-14T19:44:55","modified_gmt":"2025-08-14T19:44:55","slug":"teknoloji","status":"publish","type":"page","link":"https:\/\/goznuru.com.tr\/index.php\/teknoloji\/","title":{"rendered":"Teknoloji"},"content":{"rendered":"\t\t<div data-elementor-type=\"wp-page\" data-elementor-id=\"8124\" class=\"elementor elementor-8124\">\n\t\t\t\t<div class=\"elementor-element elementor-element-bf48895 e-grid e-con-boxed e-con e-parent\" data-id=\"bf48895\" data-element_type=\"container\">\n\t\t\t\t\t<div class=\"e-con-inner\">\n\t\t\t\t<div class=\"elementor-element elementor-element-8107aa0 elementor-invisible elementor-widget elementor-widget-image\" data-id=\"8107aa0\" data-element_type=\"widget\" data-settings=\"{&quot;_animation&quot;:&quot;fadeInLeft&quot;}\" data-widget_type=\"image.default\">\n\t\t\t\t<div class=\"elementor-widget-container\">\n\t\t\t\t\t\t\t\t\t\t\t\t\t<img fetchpriority=\"high\" decoding=\"async\" width=\"600\" height=\"403\" src=\"https:\/\/goznuru.com.tr\/wp-content\/uploads\/2025\/08\/machine.jpg\" class=\"attachment-large size-large wp-image-8125\" alt=\"\" srcset=\"https:\/\/goznuru.com.tr\/wp-content\/uploads\/2025\/08\/machine.jpg 806w, https:\/\/goznuru.com.tr\/wp-content\/uploads\/2025\/08\/machine-300x201.jpg 300w, https:\/\/goznuru.com.tr\/wp-content\/uploads\/2025\/08\/machine-768x515.jpg 768w, https:\/\/goznuru.com.tr\/wp-content\/uploads\/2025\/08\/machine-700x470.jpg 700w, https:\/\/goznuru.com.tr\/wp-content\/uploads\/2025\/08\/machine-120x80.jpg 120w, https:\/\/goznuru.com.tr\/wp-content\/uploads\/2025\/08\/machine-600x403.jpg 600w\" sizes=\"(max-width: 600px) 100vw, 600px\" \/>\t\t\t\t\t\t\t\t\t\t\t\t\t<\/div>\n\t\t\t\t<\/div>\n\t\t\t\t<div class=\"elementor-element elementor-element-1c17d69 elementor-position-below elementor-invisible elementor-widget elementor-widget-heading\" data-id=\"1c17d69\" data-element_type=\"widget\" data-settings=\"{&quot;_animation&quot;:&quot;fadeInRight&quot;}\" data-widget_type=\"heading.default\">\n\t\t\t\t<div class=\"elementor-widget-container\">\n\t\t\t<div class=\"elementor-heading-wrapper\" ><div class=\"elementor-heading-wrapper-inner\"><h2 class=\"elementor-heading-title elementor-size-default\">\u00dcretim Birimi\n<\/h2><span class=\"sub-title\">200 i\u011fne tek s\u0131ra diki\u015fsiz (premium) \u00e7orap \u00fcretimi makineleri a\u011f\u0131rl\u0131kta olmak \u00fczere, b\u00fcnyemizde 156, 144 ve 96-108-120-132 olarak grupland\u0131rd\u0131\u011f\u0131m\u0131z bebe\/\u00e7ocuk parkuru bulunmaktad\u0131r.  Y\u0131kama, kurutma ve \u00fct\u00fc-paket departmanlar\u0131m\u0131zla beraber m\u00fc\u015fterilerimize eksiksiz hizmet sunmaktay\u0131z.  Bu k\u0131s\u0131ma makine foto\u011fraflar\u0131 koymak istiyorum fakat bunun ile ilgili bir \u00e7ekimimiz yok.<\/span><\/div><\/div>\t\t<\/div>\n\t\t\t\t<\/div>\n\t\t\t\t\t<\/div>\n\t\t\t\t<\/div>\n\t\t<div class=\"elementor-element elementor-element-34017ae e-grid e-con-boxed e-con e-parent\" data-id=\"34017ae\" data-element_type=\"container\">\n\t\t\t\t\t<div class=\"e-con-inner\">\n\t\t\t\t<div class=\"elementor-element elementor-element-53ddf20 elementor-position-below elementor-invisible elementor-widget elementor-widget-heading\" data-id=\"53ddf20\" data-element_type=\"widget\" data-settings=\"{&quot;_animation&quot;:&quot;fadeInUp&quot;}\" data-widget_type=\"heading.default\">\n\t\t\t\t<div class=\"elementor-widget-container\">\n\t\t\t<div class=\"elementor-heading-wrapper\" ><div class=\"elementor-heading-wrapper-inner\"><h2 class=\"elementor-heading-title elementor-size-default\">S\u00fcrd\u00fcr\u00fclebilir \u00dcretim Yakla\u015f\u0131m\u0131\n<\/h2><span class=\"sub-title\">Do\u011faya ve gelece\u011fe kar\u015f\u0131 sorumlulu\u011fumuzun bilincindeyiz. Bu nedenle \u00fcretim s\u00fcre\u00e7lerimizde geri d\u00f6n\u00fc\u015ft\u00fcr\u00fclm\u00fc\u015f iplikler (recycled yarns) ve Umorfil\u00ae gibi s\u00fcrd\u00fcr\u00fclebilir malzemeleri mevcut. \u00c7evre dostu \u00fcretim anlay\u0131\u015f\u0131m\u0131z\u0131 belgelendiren uluslararas\u0131 ge\u00e7erlili\u011fe sahip sertifikalara (OEKO-TEX\u00ae, GRS GOTS vb.) sahibiz.<\/span><\/div><\/div>\t\t<\/div>\n\t\t\t\t<\/div>\n\t\t<div class=\"elementor-element elementor-element-143ace7 e-grid e-con-full elementor-invisible e-con e-child\" data-id=\"143ace7\" data-element_type=\"container\" data-settings=\"{&quot;animation&quot;:&quot;zoomInDown&quot;}\">\n\t\t\t\t<div class=\"elementor-element elementor-element-f520798 elementor-widget elementor-widget-image\" data-id=\"f520798\" data-element_type=\"widget\" data-widget_type=\"image.default\">\n\t\t\t\t<div class=\"elementor-widget-container\">\n\t\t\t\t\t\t\t\t\t\t\t\t\t<img decoding=\"async\" width=\"240\" height=\"240\" src=\"https:\/\/goznuru.com.tr\/wp-content\/uploads\/2025\/08\/iso.jpg\" class=\"attachment-large size-large wp-image-8126\" alt=\"\" srcset=\"https:\/\/goznuru.com.tr\/wp-content\/uploads\/2025\/08\/iso.jpg 240w, https:\/\/goznuru.com.tr\/wp-content\/uploads\/2025\/08\/iso-150x150.jpg 150w, https:\/\/goznuru.com.tr\/wp-content\/uploads\/2025\/08\/iso-100x100.jpg 100w, https:\/\/goznuru.com.tr\/wp-content\/uploads\/2025\/08\/iso-50x50.jpg 50w\" sizes=\"(max-width: 240px) 100vw, 240px\" \/>\t\t\t\t\t\t\t\t\t\t\t\t\t<\/div>\n\t\t\t\t<\/div>\n\t\t\t\t<div class=\"elementor-element elementor-element-e987bf8 elementor-widget elementor-widget-image\" data-id=\"e987bf8\" data-element_type=\"widget\" data-widget_type=\"image.default\">\n\t\t\t\t<div class=\"elementor-widget-container\">\n\t\t\t\t\t\t\t\t\t\t\t\t\t<img decoding=\"async\" width=\"240\" height=\"256\" src=\"https:\/\/goznuru.com.tr\/wp-content\/uploads\/2025\/08\/greenpeace.jpg\" class=\"attachment-large size-large wp-image-8127\" alt=\"\" \/>\t\t\t\t\t\t\t\t\t\t\t\t\t<\/div>\n\t\t\t\t<\/div>\n\t\t\t\t<div class=\"elementor-element elementor-element-e6bc39b elementor-view-default elementor-widget elementor-widget-icon\" data-id=\"e6bc39b\" data-element_type=\"widget\" data-widget_type=\"icon.default\">\n\t\t\t\t<div class=\"elementor-widget-container\">\n\t\t\t\t\t<div class=\"elementor-icon-wrapper\">\n\t\t\t<div class=\"elementor-icon\">\n\t\t\t\t\t\t<\/div>\n\t\t<\/div>\n\t\t\t\t<\/div>\n\t\t\t\t<\/div>\n\t\t\t\t<div class=\"elementor-element elementor-element-6893732 elementor-widget elementor-widget-image\" data-id=\"6893732\" data-element_type=\"widget\" data-widget_type=\"image.default\">\n\t\t\t\t<div class=\"elementor-widget-container\">\n\t\t\t\t\t\t\t\t\t\t\t\t\t<img loading=\"lazy\" decoding=\"async\" width=\"240\" height=\"240\" src=\"https:\/\/goznuru.com.tr\/wp-content\/uploads\/2025\/08\/sedeko.png\" class=\"attachment-large size-large wp-image-8128\" alt=\"\" srcset=\"https:\/\/goznuru.com.tr\/wp-content\/uploads\/2025\/08\/sedeko.png 240w, https:\/\/goznuru.com.tr\/wp-content\/uploads\/2025\/08\/sedeko-150x150.png 150w, https:\/\/goznuru.com.tr\/wp-content\/uploads\/2025\/08\/sedeko-100x100.png 100w, https:\/\/goznuru.com.tr\/wp-content\/uploads\/2025\/08\/sedeko-50x50.png 50w\" sizes=\"(max-width: 240px) 100vw, 240px\" \/>\t\t\t\t\t\t\t\t\t\t\t\t\t<\/div>\n\t\t\t\t<\/div>\n\t\t\t\t<div class=\"elementor-element elementor-element-1092bbb elementor-widget elementor-widget-image\" data-id=\"1092bbb\" data-element_type=\"widget\" data-widget_type=\"image.default\">\n\t\t\t\t<div class=\"elementor-widget-container\">\n\t\t\t\t\t\t\t\t\t\t\t\t\t<img loading=\"lazy\" decoding=\"async\" width=\"265\" height=\"240\" src=\"https:\/\/goznuru.com.tr\/wp-content\/uploads\/2025\/08\/umor.jpg\" class=\"attachment-large size-large wp-image-8129\" alt=\"\" \/>\t\t\t\t\t\t\t\t\t\t\t\t\t<\/div>\n\t\t\t\t<\/div>\n\t\t\t\t<\/div>\n\t\t\t\t\t<\/div>\n\t\t\t\t<\/div>\n\t\t\t\t<\/div>\n\t\t","protected":false},"excerpt":{"rendered":"<p>\u00dcretim Birimi 200 i\u011fne tek s\u0131ra diki\u015fsiz (premium) \u00e7orap \u00fcretimi makineleri a\u011f\u0131rl\u0131kta olmak \u00fczere, b\u00fcnyemizde 156, 144 ve 96-108-120-132 olarak grupland\u0131rd\u0131\u011f\u0131m\u0131z bebe\/\u00e7ocuk parkuru bulunmaktad\u0131r. Y\u0131kama, kurutma ve \u00fct\u00fc-paket departmanlar\u0131m\u0131zla beraber m\u00fc\u015fterilerimize eksiksiz hizmet sunmaktay\u0131z. Bu k\u0131s\u0131ma makine foto\u011fraflar\u0131 koymak istiyorum fakat bunun ile ilgili bir \u00e7ekimimiz yok. S\u00fcrd\u00fcr\u00fclebilir \u00dcretim Yakla\u015f\u0131m\u0131 Do\u011faya ve gelece\u011fe kar\u015f\u0131 sorumlulu\u011fumuzun &hellip; <\/p>\n<p class=\"more-link-wrap\"><a href=\"https:\/\/goznuru.com.tr\/index.php\/teknoloji\/\" class=\"more-link\"><span>Read More<span class=\"screen-reader-text\"> &#8220;Teknoloji&#8221;<\/span><\/span><i class=\"opal-icon-plus\" aria-hidden=\"true\"><\/i><\/a><\/p>\n","protected":false},"author":1,"featured_media":0,"parent":0,"menu_order":0,"comment_status":"closed","ping_status":"closed","template":"","meta":{"inline_featured_image":false,"_monsterinsights_skip_tracking":false,"_monsterinsights_sitenote_active":false,"_monsterinsights_sitenote_note":"","_monsterinsights_sitenote_category":0,"footnotes":""},"class_list":["post-8124","page","type-page","status-publish","hentry"],"aioseo_notices":[],"_links":{"self":[{"href":"https:\/\/goznuru.com.tr\/index.php\/wp-json\/wp\/v2\/pages\/8124","targetHints":{"allow":["GET"]}}],"collection":[{"href":"https:\/\/goznuru.com.tr\/index.php\/wp-json\/wp\/v2\/pages"}],"about":[{"href":"https:\/\/goznuru.com.tr\/index.php\/wp-json\/wp\/v2\/types\/page"}],"author":[{"embeddable":true,"href":"https:\/\/goznuru.com.tr\/index.php\/wp-json\/wp\/v2\/users\/1"}],"replies":[{"embeddable":true,"href":"https:\/\/goznuru.com.tr\/index.php\/wp-json\/wp\/v2\/comments?post=8124"}],"version-history":[{"count":15,"href":"https:\/\/goznuru.com.tr\/index.php\/wp-json\/wp\/v2\/pages\/8124\/revisions"}],"predecessor-version":[{"id":8148,"href":"https:\/\/goznuru.com.tr\/index.php\/wp-json\/wp\/v2\/pages\/8124\/revisions\/8148"}],"wp:attachment":[{"href":"https:\/\/goznuru.com.tr\/index.php\/wp-json\/wp\/v2\/media?parent=8124"}],"curies":[{"name":"wp","href":"https:\/\/api.w.org\/{rel}","templated":true}]}}